{"id":9,"date":"2018-01-12T15:04:12","date_gmt":"2018-01-12T15:04:12","guid":{"rendered":"https:\/\/www.opengy.com\/?page_id=9"},"modified":"2021-07-28T07:34:12","modified_gmt":"2021-07-28T07:34:12","slug":"advantages","status":"publish","type":"page","link":"https:\/\/www.opengy.com\/en\/advantages\/","title":{"rendered":"Advantages"},"content":{"rendered":"\n<p>Experience, knowledge and guarantees to ensure that our clients save on their electricity bills, become more independent with their energy management, and improve their corporate image<\/p>\n","protected":false},"excerpt":{"rendered":"<p>Experience, knowledge and guarantees to ensure that our clients save on their electricity bills, become more independent with their energy management, and improve their corporate image<\/p>\n","protected":false},"author":1,"featured_media":0,"parent":0,"menu_order":0,"comment_status":"closed","ping_status":"closed","template":"","meta":{"_acf_changed":false,"footnotes":""},"class_list":["post-9","page","type-page","status-publish","hentry","odd"],"acf":[],"yoast_head":"<!-- This site is optimized with the Yoast SEO plugin v27.1.1 - https:\/\/yoast.com\/product\/yoast-seo-wordpress\/ -->\n<title>Opengy - Savings on the electricity bill and less price volatility<\/title>\n<meta name=\"description\" content=\"Our solutions offer benefits such as savings on the electricity bill, less price volatility, independence and control and sustainability.\" \/>\n<meta name=\"robots\" content=\"index, follow, max-snippet:-1, max-image-preview:large, max-video-preview:-1\" \/>\n<link rel=\"canonical\" href=\"https:\/\/www.opengy.com\/en\/advantages\/\" \/>\n<meta property=\"og:locale\" content=\"en_US\" \/>\n<meta property=\"og:type\" content=\"article\" \/>\n<meta property=\"og:title\" content=\"Opengy - Savings on the electricity bill and less price volatility\" \/>\n<meta property=\"og:description\" content=\"Our solutions offer benefits such as savings on the electricity bill, less price volatility, independence and control and sustainability.\" \/>\n<meta property=\"og:url\" content=\"https:\/\/www.opengy.com\/en\/advantages\/\" \/>\n<meta property=\"og:site_name\" content=\"Opengy\" \/>\n<meta property=\"article:modified_time\" content=\"2021-07-28T07:34:12+00:00\" \/>\n<meta name=\"twitter:card\" content=\"summary_large_image\" \/>\n<meta name=\"twitter:label1\" content=\"Est. reading time\" \/>\n\t<meta name=\"twitter:data1\" content=\"1 minute\" \/>\n<script type=\"application\/ld+json\" class=\"yoast-schema-graph\">{\"@context\":\"https:\/\/schema.org\",\"@graph\":[{\"@type\":\"WebPage\",\"@id\":\"https:\/\/www.opengy.com\/en\/advantages\/\",\"url\":\"https:\/\/www.opengy.com\/en\/advantages\/\",\"name\":\"Opengy - Savings on the electricity bill and less price volatility\",\"isPartOf\":{\"@id\":\"https:\/\/www.opengy.com\/#website\"},\"datePublished\":\"2018-01-12T15:04:12+00:00\",\"dateModified\":\"2021-07-28T07:34:12+00:00\",\"description\":\"Our solutions offer benefits such as savings on the electricity bill, less price volatility, independence and control and sustainability.\",\"breadcrumb\":{\"@id\":\"https:\/\/www.opengy.com\/en\/advantages\/#breadcrumb\"},\"inLanguage\":\"en-US\",\"potentialAction\":[{\"@type\":\"ReadAction\",\"target\":[\"https:\/\/www.opengy.com\/en\/advantages\/\"]}]},{\"@type\":\"BreadcrumbList\",\"@id\":\"https:\/\/www.opengy.com\/en\/advantages\/#breadcrumb\",\"itemListElement\":[{\"@type\":\"ListItem\",\"position\":1,\"name\":\"Home\",\"item\":\"https:\/\/www.opengy.com\/en\/\"},{\"@type\":\"ListItem\",\"position\":2,\"name\":\"Advantages\"}]},{\"@type\":\"WebSite\",\"@id\":\"https:\/\/www.opengy.com\/#website\",\"url\":\"https:\/\/www.opengy.com\/\",\"name\":\"Opengy\",\"description\":\"Empresa del sector de la energ\u00eda con un amplio y profundo conocimiento de la tecnolog\u00eda solar fotovoltaica, de los sistemas de almacenamiento de energ\u00eda y del sector y mercados el\u00e9ctricos\",\"publisher\":{\"@id\":\"https:\/\/www.opengy.com\/#organization\"},\"potentialAction\":[{\"@type\":\"SearchAction\",\"target\":{\"@type\":\"EntryPoint\",\"urlTemplate\":\"https:\/\/www.opengy.com\/?s={search_term_string}\"},\"query-input\":{\"@type\":\"PropertyValueSpecification\",\"valueRequired\":true,\"valueName\":\"search_term_string\"}}],\"inLanguage\":\"en-US\"},{\"@type\":\"Organization\",\"@id\":\"https:\/\/www.opengy.com\/#organization\",\"name\":\"Opengy\",\"url\":\"https:\/\/www.opengy.com\/\",\"logo\":{\"@type\":\"ImageObject\",\"inLanguage\":\"en-US\",\"@id\":\"https:\/\/www.opengy.com\/#\/schema\/logo\/image\/\",\"url\":\"https:\/\/www.opengy.com\/wp-content\/uploads\/2018\/09\/logo-degradado.png\",\"contentUrl\":\"https:\/\/www.opengy.com\/wp-content\/uploads\/2018\/09\/logo-degradado.png\",\"width\":2701,\"height\":827,\"caption\":\"Opengy\"},\"image\":{\"@id\":\"https:\/\/www.opengy.com\/#\/schema\/logo\/image\/\"},\"sameAs\":[\"https:\/\/www.linkedin.com\/company\/27134731\/admin\/updates\/\"]}]}<\/script>\n<!-- \/ Yoast SEO plugin. -->","yoast_head_json":{"title":"Opengy - Savings on the electricity bill and less price volatility","description":"Our solutions offer benefits such as savings on the electricity bill, less price volatility, independence and control and sustainability.","robots":{"index":"index","follow":"follow","max-snippet":"max-snippet:-1","max-image-preview":"max-image-preview:large","max-video-preview":"max-video-preview:-1"},"canonical":"https:\/\/www.opengy.com\/en\/advantages\/","og_locale":"en_US","og_type":"article","og_title":"Opengy - Savings on the electricity bill and less price volatility","og_description":"Our solutions offer benefits such as savings on the electricity bill, less price volatility, independence and control and sustainability.","og_url":"https:\/\/www.opengy.com\/en\/advantages\/","og_site_name":"Opengy","article_modified_time":"2021-07-28T07:34:12+00:00","twitter_card":"summary_large_image","twitter_misc":{"Est. reading time":"1 minute"},"schema":{"@context":"https:\/\/schema.org","@graph":[{"@type":"WebPage","@id":"https:\/\/www.opengy.com\/en\/advantages\/","url":"https:\/\/www.opengy.com\/en\/advantages\/","name":"Opengy - Savings on the electricity bill and less price volatility","isPartOf":{"@id":"https:\/\/www.opengy.com\/#website"},"datePublished":"2018-01-12T15:04:12+00:00","dateModified":"2021-07-28T07:34:12+00:00","description":"Our solutions offer benefits such as savings on the electricity bill, less price volatility, independence and control and sustainability.","breadcrumb":{"@id":"https:\/\/www.opengy.com\/en\/advantages\/#breadcrumb"},"inLanguage":"en-US","potentialAction":[{"@type":"ReadAction","target":["https:\/\/www.opengy.com\/en\/advantages\/"]}]},{"@type":"BreadcrumbList","@id":"https:\/\/www.opengy.com\/en\/advantages\/#breadcrumb","itemListElement":[{"@type":"ListItem","position":1,"name":"Home","item":"https:\/\/www.opengy.com\/en\/"},{"@type":"ListItem","position":2,"name":"Advantages"}]},{"@type":"WebSite","@id":"https:\/\/www.opengy.com\/#website","url":"https:\/\/www.opengy.com\/","name":"Opengy","description":"Empresa del sector de la energ\u00eda con un amplio y profundo conocimiento de la tecnolog\u00eda solar fotovoltaica, de los sistemas de almacenamiento de energ\u00eda y del sector y mercados el\u00e9ctricos","publisher":{"@id":"https:\/\/www.opengy.com\/#organization"},"potentialAction":[{"@type":"SearchAction","target":{"@type":"EntryPoint","urlTemplate":"https:\/\/www.opengy.com\/?s={search_term_string}"},"query-input":{"@type":"PropertyValueSpecification","valueRequired":true,"valueName":"search_term_string"}}],"inLanguage":"en-US"},{"@type":"Organization","@id":"https:\/\/www.opengy.com\/#organization","name":"Opengy","url":"https:\/\/www.opengy.com\/","logo":{"@type":"ImageObject","inLanguage":"en-US","@id":"https:\/\/www.opengy.com\/#\/schema\/logo\/image\/","url":"https:\/\/www.opengy.com\/wp-content\/uploads\/2018\/09\/logo-degradado.png","contentUrl":"https:\/\/www.opengy.com\/wp-content\/uploads\/2018\/09\/logo-degradado.png","width":2701,"height":827,"caption":"Opengy"},"image":{"@id":"https:\/\/www.opengy.com\/#\/schema\/logo\/image\/"},"sameAs":["https:\/\/www.linkedin.com\/company\/27134731\/admin\/updates\/"]}]}},"_links":{"self":[{"href":"https:\/\/www.opengy.com\/en\/wp-json\/wp\/v2\/pages\/9","targetHints":{"allow":["GET"]}}],"collection":[{"href":"https:\/\/www.opengy.com\/en\/wp-json\/wp\/v2\/pages"}],"about":[{"href":"https:\/\/www.opengy.com\/en\/wp-json\/wp\/v2\/types\/page"}],"author":[{"embeddable":true,"href":"https:\/\/www.opengy.com\/en\/wp-json\/wp\/v2\/users\/1"}],"replies":[{"embeddable":true,"href":"https:\/\/www.opengy.com\/en\/wp-json\/wp\/v2\/comments?post=9"}],"version-history":[{"count":2,"href":"https:\/\/www.opengy.com\/en\/wp-json\/wp\/v2\/pages\/9\/revisions"}],"predecessor-version":[{"id":1303,"href":"https:\/\/www.opengy.com\/en\/wp-json\/wp\/v2\/pages\/9\/revisions\/1303"}],"wp:attachment":[{"href":"https:\/\/www.opengy.com\/en\/wp-json\/wp\/v2\/media?parent=9"}],"curies":[{"name":"wp","href":"https:\/\/api.w.org\/{rel}","templated":true}]}}