{"id":7,"date":"2018-01-12T15:04:07","date_gmt":"2018-01-12T15:04:07","guid":{"rendered":"https:\/\/www.opengy.com\/?page_id=7"},"modified":"2025-12-11T16:15:50","modified_gmt":"2025-12-11T16:15:50","slug":"opengy","status":"publish","type":"page","link":"https:\/\/www.opengy.com\/en\/opengy\/","title":{"rendered":"Opengy"},"content":{"rendered":"\n<p>We offer new forms of electricity supply and management to our clients, who are the main actors of the new energy model. Our solutions are based on clean technologies<\/p>\n","protected":false},"excerpt":{"rendered":"<p>We offer new forms of electricity supply and management to our clients, who are the main actors of the new energy model. Our solutions are based on clean technologies<\/p>\n","protected":false},"author":1,"featured_media":0,"parent":0,"menu_order":0,"comment_status":"closed","ping_status":"closed","template":"","meta":{"_acf_changed":false,"footnotes":""},"class_list":["post-7","page","type-page","status-publish","hentry","odd"],"acf":[],"yoast_head":"<!-- This site is optimized with the Yoast SEO plugin v27.1.1 - https:\/\/yoast.com\/product\/yoast-seo-wordpress\/ -->\n<title>Opengy - New forms of renewable electricity supply and management<\/title>\n<meta name=\"description\" content=\"We offer new forms of renewable electricity supply and management to our clients, such as self-consumption solutions and PPAs.\" \/>\n<meta name=\"robots\" content=\"index, follow, max-snippet:-1, max-image-preview:large, max-video-preview:-1\" \/>\n<link rel=\"canonical\" href=\"https:\/\/www.opengy.com\/en\/opengy\/\" \/>\n<meta property=\"og:locale\" content=\"en_US\" \/>\n<meta property=\"og:type\" content=\"article\" \/>\n<meta property=\"og:title\" content=\"Opengy - New forms of renewable electricity supply and management\" \/>\n<meta property=\"og:description\" content=\"We offer new forms of renewable electricity supply and management to our clients, such as self-consumption solutions and PPAs.\" \/>\n<meta property=\"og:url\" content=\"https:\/\/www.opengy.com\/en\/opengy\/\" \/>\n<meta property=\"og:site_name\" content=\"Opengy\" \/>\n<meta property=\"article:modified_time\" content=\"2025-12-11T16:15:50+00:00\" \/>\n<meta name=\"twitter:card\" content=\"summary_large_image\" \/>\n<meta name=\"twitter:label1\" content=\"Est. reading time\" \/>\n\t<meta name=\"twitter:data1\" content=\"1 minute\" \/>\n<script type=\"application\/ld+json\" class=\"yoast-schema-graph\">{\"@context\":\"https:\/\/schema.org\",\"@graph\":[{\"@type\":\"WebPage\",\"@id\":\"https:\/\/www.opengy.com\/en\/opengy\/\",\"url\":\"https:\/\/www.opengy.com\/en\/opengy\/\",\"name\":\"Opengy - New forms of renewable electricity supply and management\",\"isPartOf\":{\"@id\":\"https:\/\/www.opengy.com\/#website\"},\"datePublished\":\"2018-01-12T15:04:07+00:00\",\"dateModified\":\"2025-12-11T16:15:50+00:00\",\"description\":\"We offer new forms of renewable electricity supply and management to our clients, such as self-consumption solutions and PPAs.\",\"breadcrumb\":{\"@id\":\"https:\/\/www.opengy.com\/en\/opengy\/#breadcrumb\"},\"inLanguage\":\"en-US\",\"potentialAction\":[{\"@type\":\"ReadAction\",\"target\":[\"https:\/\/www.opengy.com\/en\/opengy\/\"]}]},{\"@type\":\"BreadcrumbList\",\"@id\":\"https:\/\/www.opengy.com\/en\/opengy\/#breadcrumb\",\"itemListElement\":[{\"@type\":\"ListItem\",\"position\":1,\"name\":\"Home\",\"item\":\"https:\/\/www.opengy.com\/en\/\"},{\"@type\":\"ListItem\",\"position\":2,\"name\":\"Opengy\"}]},{\"@type\":\"WebSite\",\"@id\":\"https:\/\/www.opengy.com\/#website\",\"url\":\"https:\/\/www.opengy.com\/\",\"name\":\"Opengy\",\"description\":\"Empresa del sector de la energ\u00eda con un amplio y profundo conocimiento de la tecnolog\u00eda solar fotovoltaica, de los sistemas de almacenamiento de energ\u00eda y del sector y mercados el\u00e9ctricos\",\"publisher\":{\"@id\":\"https:\/\/www.opengy.com\/#organization\"},\"potentialAction\":[{\"@type\":\"SearchAction\",\"target\":{\"@type\":\"EntryPoint\",\"urlTemplate\":\"https:\/\/www.opengy.com\/?s={search_term_string}\"},\"query-input\":{\"@type\":\"PropertyValueSpecification\",\"valueRequired\":true,\"valueName\":\"search_term_string\"}}],\"inLanguage\":\"en-US\"},{\"@type\":\"Organization\",\"@id\":\"https:\/\/www.opengy.com\/#organization\",\"name\":\"Opengy\",\"url\":\"https:\/\/www.opengy.com\/\",\"logo\":{\"@type\":\"ImageObject\",\"inLanguage\":\"en-US\",\"@id\":\"https:\/\/www.opengy.com\/#\/schema\/logo\/image\/\",\"url\":\"https:\/\/www.opengy.com\/wp-content\/uploads\/2018\/09\/logo-degradado.png\",\"contentUrl\":\"https:\/\/www.opengy.com\/wp-content\/uploads\/2018\/09\/logo-degradado.png\",\"width\":2701,\"height\":827,\"caption\":\"Opengy\"},\"image\":{\"@id\":\"https:\/\/www.opengy.com\/#\/schema\/logo\/image\/\"},\"sameAs\":[\"https:\/\/www.linkedin.com\/company\/27134731\/admin\/updates\/\"]}]}<\/script>\n<!-- \/ Yoast SEO plugin. -->","yoast_head_json":{"title":"Opengy - New forms of renewable electricity supply and management","description":"We offer new forms of renewable electricity supply and management to our clients, such as self-consumption solutions and PPAs.","robots":{"index":"index","follow":"follow","max-snippet":"max-snippet:-1","max-image-preview":"max-image-preview:large","max-video-preview":"max-video-preview:-1"},"canonical":"https:\/\/www.opengy.com\/en\/opengy\/","og_locale":"en_US","og_type":"article","og_title":"Opengy - New forms of renewable electricity supply and management","og_description":"We offer new forms of renewable electricity supply and management to our clients, such as self-consumption solutions and PPAs.","og_url":"https:\/\/www.opengy.com\/en\/opengy\/","og_site_name":"Opengy","article_modified_time":"2025-12-11T16:15:50+00:00","twitter_card":"summary_large_image","twitter_misc":{"Est. reading time":"1 minute"},"schema":{"@context":"https:\/\/schema.org","@graph":[{"@type":"WebPage","@id":"https:\/\/www.opengy.com\/en\/opengy\/","url":"https:\/\/www.opengy.com\/en\/opengy\/","name":"Opengy - New forms of renewable electricity supply and management","isPartOf":{"@id":"https:\/\/www.opengy.com\/#website"},"datePublished":"2018-01-12T15:04:07+00:00","dateModified":"2025-12-11T16:15:50+00:00","description":"We offer new forms of renewable electricity supply and management to our clients, such as self-consumption solutions and PPAs.","breadcrumb":{"@id":"https:\/\/www.opengy.com\/en\/opengy\/#breadcrumb"},"inLanguage":"en-US","potentialAction":[{"@type":"ReadAction","target":["https:\/\/www.opengy.com\/en\/opengy\/"]}]},{"@type":"BreadcrumbList","@id":"https:\/\/www.opengy.com\/en\/opengy\/#breadcrumb","itemListElement":[{"@type":"ListItem","position":1,"name":"Home","item":"https:\/\/www.opengy.com\/en\/"},{"@type":"ListItem","position":2,"name":"Opengy"}]},{"@type":"WebSite","@id":"https:\/\/www.opengy.com\/#website","url":"https:\/\/www.opengy.com\/","name":"Opengy","description":"Empresa del sector de la energ\u00eda con un amplio y profundo conocimiento de la tecnolog\u00eda solar fotovoltaica, de los sistemas de almacenamiento de energ\u00eda y del sector y mercados el\u00e9ctricos","publisher":{"@id":"https:\/\/www.opengy.com\/#organization"},"potentialAction":[{"@type":"SearchAction","target":{"@type":"EntryPoint","urlTemplate":"https:\/\/www.opengy.com\/?s={search_term_string}"},"query-input":{"@type":"PropertyValueSpecification","valueRequired":true,"valueName":"search_term_string"}}],"inLanguage":"en-US"},{"@type":"Organization","@id":"https:\/\/www.opengy.com\/#organization","name":"Opengy","url":"https:\/\/www.opengy.com\/","logo":{"@type":"ImageObject","inLanguage":"en-US","@id":"https:\/\/www.opengy.com\/#\/schema\/logo\/image\/","url":"https:\/\/www.opengy.com\/wp-content\/uploads\/2018\/09\/logo-degradado.png","contentUrl":"https:\/\/www.opengy.com\/wp-content\/uploads\/2018\/09\/logo-degradado.png","width":2701,"height":827,"caption":"Opengy"},"image":{"@id":"https:\/\/www.opengy.com\/#\/schema\/logo\/image\/"},"sameAs":["https:\/\/www.linkedin.com\/company\/27134731\/admin\/updates\/"]}]}},"_links":{"self":[{"href":"https:\/\/www.opengy.com\/en\/wp-json\/wp\/v2\/pages\/7","targetHints":{"allow":["GET"]}}],"collection":[{"href":"https:\/\/www.opengy.com\/en\/wp-json\/wp\/v2\/pages"}],"about":[{"href":"https:\/\/www.opengy.com\/en\/wp-json\/wp\/v2\/types\/page"}],"author":[{"embeddable":true,"href":"https:\/\/www.opengy.com\/en\/wp-json\/wp\/v2\/users\/1"}],"replies":[{"embeddable":true,"href":"https:\/\/www.opengy.com\/en\/wp-json\/wp\/v2\/comments?post=7"}],"version-history":[{"count":2,"href":"https:\/\/www.opengy.com\/en\/wp-json\/wp\/v2\/pages\/7\/revisions"}],"predecessor-version":[{"id":1721,"href":"https:\/\/www.opengy.com\/en\/wp-json\/wp\/v2\/pages\/7\/revisions\/1721"}],"wp:attachment":[{"href":"https:\/\/www.opengy.com\/en\/wp-json\/wp\/v2\/media?parent=7"}],"curies":[{"name":"wp","href":"https:\/\/api.w.org\/{rel}","templated":true}]}}