{"id":369,"date":"2018-01-25T20:46:14","date_gmt":"2018-01-25T20:46:14","guid":{"rendered":"https:\/\/www.opengy.com\/politica-de-privacidad\/"},"modified":"2021-07-21T14:01:13","modified_gmt":"2021-07-21T14:01:13","slug":"legal-notice-and-privacy-policy","status":"publish","type":"page","link":"https:\/\/www.opengy.com\/en\/legal-notice-and-privacy-policy\/","title":{"rendered":"Legal Notice &#038; Privacy Policy"},"content":{"rendered":"<p style=\"text-align: justify;\"><strong>LEGAL NOTICE<\/strong><\/p>\n<p style=\"text-align: justify;\">This website is property of NEW OPEN ENERGY SOLUTIONS S.L.&nbsp;, domiciled in AVENIDA DE BRUSELAS 31, 28108, ALCOBENDAS, MADRID, SPAIN, &nbsp;registered in the Company Registry of Madrid, volume 36442, folio 183, Section 0, page M-4654737 and fiscal ID number (NIF) B87934451. For any queries, please contact us by e-mail at <a href=\"mailto:info@opengy.com\">info@opengy.com<\/a> or by phone at +34 916 517 021.<\/p>\n<p style=\"text-align: justify;\"><strong>Applicable law<\/strong><\/p>\n<p style=\"text-align: justify;\">The website <a href=\"http:\/\/www.opengy.com\">www.opengy.com<\/a>, is governed by the regulations exclusively applicable in Spain, being subject to it, both national and foreign users who access and use this website.<\/p>\n<p style=\"text-align: justify;\"><strong>Terms of Use<\/strong><\/p>\n<p style=\"text-align: justify;\">The conditions of access and use of this &nbsp;website are governed by the applicable laws and by the principle of good faith committing the user to make a good use of the website. No conduct that goes against the law, the rights or interests of third parties is permitted.<\/p>\n<p style=\"text-align: justify;\"><strong>&nbsp;<\/strong><\/p>\n<p style=\"text-align: justify;\"><strong>PRIVACY POLICY<\/strong><\/p>\n<p style=\"text-align: justify;\">Ensuing the principles of legality, loyalty and transparency, we make the following &nbsp;Privacy Policy available to you.<\/p>\n<p style=\"text-align: justify;\"><strong>Who is responsible for the processing of your data?<\/strong><\/p>\n<p style=\"text-align: justify;\">NEW OPEN ENERGY SOLUTIONS S.L.<br \/>\nNIF: B87934451<br \/>\nAddress: AVENIDA DE BRUSELAS 31, 28108, ALCOBENDAS, MADRID, SPAIN<br \/>\nEmail: <a href=\"mailto:info@opengy.com\">info@opengy.com<\/a><br \/>\nPhone number: +34 916 517 021<\/p>\n<p style=\"text-align: justify;\"><strong>For what purpose do we treat your personal data?<\/strong><\/p>\n<p style=\"text-align: justify;\">At NEW OPEN ENERGY SOLUTIONS S.L. &nbsp;we treat the information you provide us in order to manage the contractual relationship that binds us, manage the delivery of the information you request, provide interested parties with offers of our services &nbsp;of your interest.<\/p>\n<p style=\"text-align: justify;\"><strong>How long will we keep your personal information?<\/strong><\/p>\n<p style=\"text-align: justify;\">Your data will be kept the minimum time necessary for the proper provision of the service offered, as well as to meet the responsibilities that may arise from it and any other legal requirement.<\/p>\n<p style=\"text-align: justify;\"><strong>What is the legitimacy for the treatment of your data?<\/strong><\/p>\n<p style=\"text-align: justify;\">The legal basis for the processing of your personal data may be the execution of a potential and\/or subscribed contractual relationship, the legitimate interest, the legal authorization and\/or the consent of the interested party. The information that we request is appropriate, pertinent and strictly necessary and in no case are you obliged to provide them&nbsp; to us, but its failure to communicate may affect the purpose of the service or the impossibility of providing it.<\/p>\n<p style=\"text-align: justify;\"><strong>To which recipients will your data be communicated?<\/strong><\/p>\n<p style=\"text-align: justify;\">NEW OPEN ENERGY SOLUTIONS S.L. &nbsp;will not communicate your data to any third party, unless it expressly informs about it.<\/p>\n<p style=\"text-align: justify;\"><strong>What are your rights when you provide us with your data?<\/strong><\/p>\n<p style=\"text-align: justify;\">The data protection rights held by the interested parties are:<\/p>\n<p style=\"text-align: justify;\">\u00b7 Right to request access to personal data concerning the interested party<br \/>\n\u00b7 Right of rectification or deletion<br \/>\n\u00b7 Right of opposition<br \/>\n\u00b7 Right to request limitation of your treatment<br \/>\n\u00b7 Right to data portability<\/p>\n<p style=\"text-align: justify;\">The owners of the personal data obtained may exercise their rights of protection of personal data by directing a written communication to the registered office of NEW OPEN ENERGY SOLUTIONS S.L. &nbsp;or to the electronic mail enabled for this purpose, indicated at the beginning of this Legal Notice, including in both cases a photocopy of your personal ID card or other equivalent identification document.<\/p>\n<p style=\"text-align: justify;\">Models, forms and more information about your rights are available on the website of the national control authority, the Spanish Agency for Data Protection, hereinafter AEPD, <a href=\"http:\/\/www.agpd.es\">www.agpd.es<\/a><\/p>\n<p style=\"text-align: justify;\"><strong>Can I withdraw the consent?<\/strong><\/p>\n<p style=\"text-align: justify;\">You have the possibility and the right to withdraw the consent for any specific purpose at the time, without affecting the legality of the treatment based on the consent prior to its withdrawal.<\/p>\n<p style=\"text-align: justify;\"><strong>Where can I claim in case I consider that my data is not treated correctly?<\/strong><\/p>\n<p style=\"text-align: justify;\">If any interested party considers that their data is not correctly treated by NEW OPEN ENERGY SOLUTIONS S.L., they can address their claims to the email <a href=\"mailto:info@opengy.com\">info@opengy.com<\/a> or to the corresponding data protection authority, AEPD <a href=\"http:\/\/www.agpd.es\">www.agpd.es<\/a><\/p>\n<p style=\"text-align: justify;\"><strong>Security and update of your personal data<\/strong><\/p>\n<p style=\"text-align: justify;\">In order to safeguard the security of your personal data, we inform you that NEW OPEN ENERGY SOLUTIONS S.L. has taken all necessary technical and organizational measures to guarantee the security of the personal data provided. All this to avoid alteration, loss, and\/or treatments or unauthorized access, as required by the regulations.<\/p>\n<p style=\"text-align: justify;\">It is important that, in order to keep your personal information updated, you inform us about any relevant change.<\/p>\n<p style=\"text-align: justify;\"><strong>Confidentiality<\/strong><\/p>\n<p style=\"text-align: justify;\">NEW OPEN ENERGY SOLUTIONS S.L. informs you that your data will be treated confidentially by any personnel involved at any stage. We will not give or communicate your data to any third party, except in the cases provided by law, or unless the interested party has expressly authorized us.<\/p>\n<p style=\"text-align: justify;\">NEW OPEN ENERGY SOLUTIONS S.L. may alter this privacy policy to adapt to changes that occur on the website, as well as legislative changes on personal data that appear and affect such policy. Therefore, its reading is required, each time you provide us with your information through the website.<\/p>\n","protected":false},"excerpt":{"rendered":"<p>LEGAL NOTICE This website is property of NEW OPEN ENERGY SOLUTIONS S.L.&nbsp;, domiciled in AVENIDA DE BRUSELAS 31, 28108, ALCOBENDAS, MADRID, SPAIN, &nbsp;registered in the Company Registry of Madrid, volume 36442, folio 183, Section 0, page M-4654737 and fiscal ID number (NIF) B87934451. For any queries, please contact us by e-mail at info@opengy.com or by [&hellip;]<\/p>\n","protected":false},"author":1,"featured_media":0,"parent":0,"menu_order":0,"comment_status":"closed","ping_status":"closed","template":"","meta":{"_acf_changed":false,"footnotes":""},"class_list":["post-369","page","type-page","status-publish","hentry","odd"],"acf":[],"yoast_head":"<!-- This site is optimized with the Yoast SEO plugin v27.1.1 - https:\/\/yoast.com\/product\/yoast-seo-wordpress\/ -->\n<title>Legal Notice &amp; Privacy Policy - Opengy<\/title>\n<meta name=\"robots\" content=\"index, follow, max-snippet:-1, max-image-preview:large, max-video-preview:-1\" \/>\n<link rel=\"canonical\" href=\"https:\/\/www.opengy.com\/en\/legal-notice-and-privacy-policy\/\" \/>\n<meta property=\"og:locale\" content=\"en_US\" \/>\n<meta property=\"og:type\" content=\"article\" \/>\n<meta property=\"og:title\" content=\"Legal Notice &amp; Privacy Policy - Opengy\" \/>\n<meta property=\"og:description\" content=\"LEGAL NOTICE This website is property of NEW OPEN ENERGY SOLUTIONS S.L.&nbsp;, domiciled in AVENIDA DE BRUSELAS 31, 28108, ALCOBENDAS, MADRID, SPAIN, &nbsp;registered in the Company Registry of Madrid, volume 36442, folio 183, Section 0, page M-4654737 and fiscal ID number (NIF) B87934451. For any queries, please contact us by e-mail at info@opengy.com or by [&hellip;]\" \/>\n<meta property=\"og:url\" content=\"https:\/\/www.opengy.com\/en\/legal-notice-and-privacy-policy\/\" \/>\n<meta property=\"og:site_name\" content=\"Opengy\" \/>\n<meta property=\"article:modified_time\" content=\"2021-07-21T14:01:13+00:00\" \/>\n<meta name=\"twitter:card\" content=\"summary_large_image\" \/>\n<meta name=\"twitter:label1\" content=\"Est. reading time\" \/>\n\t<meta name=\"twitter:data1\" content=\"4 minutes\" \/>\n<script type=\"application\/ld+json\" class=\"yoast-schema-graph\">{\"@context\":\"https:\/\/schema.org\",\"@graph\":[{\"@type\":\"WebPage\",\"@id\":\"https:\/\/www.opengy.com\/en\/legal-notice-and-privacy-policy\/\",\"url\":\"https:\/\/www.opengy.com\/en\/legal-notice-and-privacy-policy\/\",\"name\":\"Legal Notice & Privacy Policy - Opengy\",\"isPartOf\":{\"@id\":\"https:\/\/www.opengy.com\/#website\"},\"datePublished\":\"2018-01-25T20:46:14+00:00\",\"dateModified\":\"2021-07-21T14:01:13+00:00\",\"breadcrumb\":{\"@id\":\"https:\/\/www.opengy.com\/en\/legal-notice-and-privacy-policy\/#breadcrumb\"},\"inLanguage\":\"en-US\",\"potentialAction\":[{\"@type\":\"ReadAction\",\"target\":[\"https:\/\/www.opengy.com\/en\/legal-notice-and-privacy-policy\/\"]}]},{\"@type\":\"BreadcrumbList\",\"@id\":\"https:\/\/www.opengy.com\/en\/legal-notice-and-privacy-policy\/#breadcrumb\",\"itemListElement\":[{\"@type\":\"ListItem\",\"position\":1,\"name\":\"Home\",\"item\":\"https:\/\/www.opengy.com\/en\/\"},{\"@type\":\"ListItem\",\"position\":2,\"name\":\"Legal Notice &#038; Privacy Policy\"}]},{\"@type\":\"WebSite\",\"@id\":\"https:\/\/www.opengy.com\/#website\",\"url\":\"https:\/\/www.opengy.com\/\",\"name\":\"Opengy\",\"description\":\"Empresa del sector de la energ\u00eda con un amplio y profundo conocimiento de la tecnolog\u00eda solar fotovoltaica, de los sistemas de almacenamiento de energ\u00eda y del sector y mercados el\u00e9ctricos\",\"publisher\":{\"@id\":\"https:\/\/www.opengy.com\/#organization\"},\"potentialAction\":[{\"@type\":\"SearchAction\",\"target\":{\"@type\":\"EntryPoint\",\"urlTemplate\":\"https:\/\/www.opengy.com\/?s={search_term_string}\"},\"query-input\":{\"@type\":\"PropertyValueSpecification\",\"valueRequired\":true,\"valueName\":\"search_term_string\"}}],\"inLanguage\":\"en-US\"},{\"@type\":\"Organization\",\"@id\":\"https:\/\/www.opengy.com\/#organization\",\"name\":\"Opengy\",\"url\":\"https:\/\/www.opengy.com\/\",\"logo\":{\"@type\":\"ImageObject\",\"inLanguage\":\"en-US\",\"@id\":\"https:\/\/www.opengy.com\/#\/schema\/logo\/image\/\",\"url\":\"https:\/\/www.opengy.com\/wp-content\/uploads\/2018\/09\/logo-degradado.png\",\"contentUrl\":\"https:\/\/www.opengy.com\/wp-content\/uploads\/2018\/09\/logo-degradado.png\",\"width\":2701,\"height\":827,\"caption\":\"Opengy\"},\"image\":{\"@id\":\"https:\/\/www.opengy.com\/#\/schema\/logo\/image\/\"},\"sameAs\":[\"https:\/\/www.linkedin.com\/company\/27134731\/admin\/updates\/\"]}]}<\/script>\n<!-- \/ Yoast SEO plugin. -->","yoast_head_json":{"title":"Legal Notice & Privacy Policy - Opengy","robots":{"index":"index","follow":"follow","max-snippet":"max-snippet:-1","max-image-preview":"max-image-preview:large","max-video-preview":"max-video-preview:-1"},"canonical":"https:\/\/www.opengy.com\/en\/legal-notice-and-privacy-policy\/","og_locale":"en_US","og_type":"article","og_title":"Legal Notice & Privacy Policy - Opengy","og_description":"LEGAL NOTICE This website is property of NEW OPEN ENERGY SOLUTIONS S.L.&nbsp;, domiciled in AVENIDA DE BRUSELAS 31, 28108, ALCOBENDAS, MADRID, SPAIN, &nbsp;registered in the Company Registry of Madrid, volume 36442, folio 183, Section 0, page M-4654737 and fiscal ID number (NIF) B87934451. For any queries, please contact us by e-mail at info@opengy.com or by [&hellip;]","og_url":"https:\/\/www.opengy.com\/en\/legal-notice-and-privacy-policy\/","og_site_name":"Opengy","article_modified_time":"2021-07-21T14:01:13+00:00","twitter_card":"summary_large_image","twitter_misc":{"Est. reading time":"4 minutes"},"schema":{"@context":"https:\/\/schema.org","@graph":[{"@type":"WebPage","@id":"https:\/\/www.opengy.com\/en\/legal-notice-and-privacy-policy\/","url":"https:\/\/www.opengy.com\/en\/legal-notice-and-privacy-policy\/","name":"Legal Notice & Privacy Policy - Opengy","isPartOf":{"@id":"https:\/\/www.opengy.com\/#website"},"datePublished":"2018-01-25T20:46:14+00:00","dateModified":"2021-07-21T14:01:13+00:00","breadcrumb":{"@id":"https:\/\/www.opengy.com\/en\/legal-notice-and-privacy-policy\/#breadcrumb"},"inLanguage":"en-US","potentialAction":[{"@type":"ReadAction","target":["https:\/\/www.opengy.com\/en\/legal-notice-and-privacy-policy\/"]}]},{"@type":"BreadcrumbList","@id":"https:\/\/www.opengy.com\/en\/legal-notice-and-privacy-policy\/#breadcrumb","itemListElement":[{"@type":"ListItem","position":1,"name":"Home","item":"https:\/\/www.opengy.com\/en\/"},{"@type":"ListItem","position":2,"name":"Legal Notice &#038; Privacy Policy"}]},{"@type":"WebSite","@id":"https:\/\/www.opengy.com\/#website","url":"https:\/\/www.opengy.com\/","name":"Opengy","description":"Empresa del sector de la energ\u00eda con un amplio y profundo conocimiento de la tecnolog\u00eda solar fotovoltaica, de los sistemas de almacenamiento de energ\u00eda y del sector y mercados el\u00e9ctricos","publisher":{"@id":"https:\/\/www.opengy.com\/#organization"},"potentialAction":[{"@type":"SearchAction","target":{"@type":"EntryPoint","urlTemplate":"https:\/\/www.opengy.com\/?s={search_term_string}"},"query-input":{"@type":"PropertyValueSpecification","valueRequired":true,"valueName":"search_term_string"}}],"inLanguage":"en-US"},{"@type":"Organization","@id":"https:\/\/www.opengy.com\/#organization","name":"Opengy","url":"https:\/\/www.opengy.com\/","logo":{"@type":"ImageObject","inLanguage":"en-US","@id":"https:\/\/www.opengy.com\/#\/schema\/logo\/image\/","url":"https:\/\/www.opengy.com\/wp-content\/uploads\/2018\/09\/logo-degradado.png","contentUrl":"https:\/\/www.opengy.com\/wp-content\/uploads\/2018\/09\/logo-degradado.png","width":2701,"height":827,"caption":"Opengy"},"image":{"@id":"https:\/\/www.opengy.com\/#\/schema\/logo\/image\/"},"sameAs":["https:\/\/www.linkedin.com\/company\/27134731\/admin\/updates\/"]}]}},"_links":{"self":[{"href":"https:\/\/www.opengy.com\/en\/wp-json\/wp\/v2\/pages\/369","targetHints":{"allow":["GET"]}}],"collection":[{"href":"https:\/\/www.opengy.com\/en\/wp-json\/wp\/v2\/pages"}],"about":[{"href":"https:\/\/www.opengy.com\/en\/wp-json\/wp\/v2\/types\/page"}],"author":[{"embeddable":true,"href":"https:\/\/www.opengy.com\/en\/wp-json\/wp\/v2\/users\/1"}],"replies":[{"embeddable":true,"href":"https:\/\/www.opengy.com\/en\/wp-json\/wp\/v2\/comments?post=369"}],"version-history":[{"count":2,"href":"https:\/\/www.opengy.com\/en\/wp-json\/wp\/v2\/pages\/369\/revisions"}],"predecessor-version":[{"id":1288,"href":"https:\/\/www.opengy.com\/en\/wp-json\/wp\/v2\/pages\/369\/revisions\/1288"}],"wp:attachment":[{"href":"https:\/\/www.opengy.com\/en\/wp-json\/wp\/v2\/media?parent=369"}],"curies":[{"name":"wp","href":"https:\/\/api.w.org\/{rel}","templated":true}]}}